{"id":7639,"date":"2023-11-28T13:51:19","date_gmt":"2023-11-28T13:51:19","guid":{"rendered":"http:\/\/refsanpro.com\/?page_id=7639"},"modified":"2024-01-08T12:51:43","modified_gmt":"2024-01-08T12:51:43","slug":"degirmenler","status":"publish","type":"page","link":"http:\/\/refsanpro.com\/en\/endustriyel-makineler\/degirmenler\/","title":{"rendered":"Mills"},"content":{"rendered":"<div class=\"wp-block-uagb-container uagb-block-b9b0fedc alignfull uagb-is-root-container\"><div class=\"uagb-container-inner-blocks-wrap\">\n<div class=\"wp-block-uagb-container uagb-block-cf730d8f\">\n<div class=\"wp-block-columns alignfull has-background is-layout-flex wp-container-core-columns-is-layout-28f84493 wp-block-columns-is-layout-flex\" style=\"background-color:#f9f9f9\">\n<div class=\"wp-block-column is-vertically-aligned-center is-layout-flow wp-block-column-is-layout-flow\" style=\"padding-top:var(--wp--preset--spacing--30);padding-right:var(--wp--preset--spacing--30);padding-bottom:var(--wp--preset--spacing--30);padding-left:var(--wp--preset--spacing--30);flex-basis:500px\">\n<div class=\"wp-block-uagb-advanced-heading uagb-block-91a91ba9\"><h1 class=\"uagb-heading-text\"><strong>MILLS<\/strong><\/h1><\/div>\n\n\n\n<div class=\"wp-block-uagb-separator uagb-block-7b2522b6 uag-hide-tab uag-hide-mob\"><div class=\"wp-block-uagb-separator__inner\" style=\"--my-background-image:\"><\/div><\/div>\n\n\n\n<div class=\"wp-block-uagb-advanced-heading uagb-block-984cc6dd\"><\/div>\n\n\n\n<div class=\"wp-block-uagb-separator uagb-block-5898b345 uag-hide-tab uag-hide-mob\"><div class=\"wp-block-uagb-separator__inner\" style=\"--my-background-image:\"><\/div><\/div>\n\n\n\n<p><\/p>\n\n\n\n<div class=\"wp-block-essential-blocks-button\"><div class=\"eb-parent-wrapper eb-parent-eb-button-h5gpx75\"><div class=\"eb-button-wrapper eb-button-alignment eb-button-h5gpx75\"><div class=\"eb-button\"><a class=\"eb-button-anchor\" href=\"\/en\/teklif-al\/\" target=\"_blank\" rel=\"noopener\">GET AN OFFER FOR MILLS<\/a><\/div><\/div><\/div><\/div>\n<\/div>\n\n\n\n<div class=\"wp-block-column is-vertically-aligned-center is-layout-flow wp-block-column-is-layout-flow\">\n<figure class=\"wp-block-image size-full is-resized\"><img fetchpriority=\"high\" decoding=\"async\" width=\"931\" height=\"524\" src=\"http:\/\/refsanpro.com\/wp-content\/uploads\/2023\/11\/1253412356.webp\" alt=\"\" class=\"wp-image-7652\" style=\"aspect-ratio:1.7767175572519085;object-fit:contain;width:1057px;height:auto\" srcset=\"http:\/\/refsanpro.com\/wp-content\/uploads\/2023\/11\/1253412356.webp 931w, http:\/\/refsanpro.com\/wp-content\/uploads\/2023\/11\/1253412356-300x169.webp 300w, http:\/\/refsanpro.com\/wp-content\/uploads\/2023\/11\/1253412356-768x432.webp 768w, http:\/\/refsanpro.com\/wp-content\/uploads\/2023\/11\/1253412356-600x338.webp 600w\" sizes=\"(max-width: 931px) 100vw, 931px\" \/><\/figure>\n<\/div>\n<\/div>\n<\/div>\n<\/div><\/div>\n\n\n\n<div class=\"wp-block-essential-blocks-advanced-tabs alignwide\"><div class=\"eb-parent-wrapper eb-parent-eb-advanced-tabs-muuimaf\"><div class=\"eb-advanced-tabs-muuimaf eb-advanced-tabs-wrapper horizontal\"><div class=\"eb-tabs-nav\"><ul class=\"tabTitles\" data-tabs-ul-id=\"eb-advanced-tabs-muuimaf\"><li data-title-tab-id=\"1\" data-title-custom-id=\"\" class=\"active\"><span class=\"tabIcon fas fa-angle-right\"><\/span><h6 class=\"tab-title-text\">MILLS<\/h6><\/li><\/ul><\/div><div class=\"eb-tabs-contents\">\n<div class=\"eb-tab-wrapper\" data-tab-id=\"1\" data-tab-parent-id=\"eb-advanced-tabs-muuimaf\"><div class=\"eb-tab-inner\">\n<div class=\"wp-block-uagb-separator uagb-block-a19b599f\"><div class=\"wp-block-uagb-separator__inner\" style=\"--my-background-image:\"><\/div><\/div>\n\n\n\n<div class=\"wp-block-uagb-container uagb-block-a59b5c12 alignfull uagb-is-root-container\">\n<div class=\"wp-block-columns is-layout-flex wp-container-core-columns-is-layout-28f84493 wp-block-columns-is-layout-flex\">\n<div class=\"wp-block-column is-layout-flow wp-block-column-is-layout-flow\">\n<figure class=\"wp-block-image aligncenter size-full is-resized\"><img decoding=\"async\" width=\"1024\" height=\"482\" src=\"http:\/\/refsanpro.com\/wp-content\/uploads\/2023\/11\/651423.webp\" alt=\"\" class=\"wp-image-7644\" style=\"aspect-ratio:2.61;object-fit:contain;width:1296px\" srcset=\"http:\/\/refsanpro.com\/wp-content\/uploads\/2023\/11\/651423.webp 1024w, http:\/\/refsanpro.com\/wp-content\/uploads\/2023\/11\/651423-300x141.webp 300w, http:\/\/refsanpro.com\/wp-content\/uploads\/2023\/11\/651423-768x362.webp 768w, http:\/\/refsanpro.com\/wp-content\/uploads\/2023\/11\/651423-600x282.webp 600w\" sizes=\"(max-width: 1024px) 100vw, 1024px\" \/><\/figure>\n<\/div>\n<\/div>\n<\/div>\n\n\n\n<div class=\"wp-block-uagb-advanced-heading uagb-block-0bc8439c\"><h3 class=\"uagb-heading-text\">BALL MILLS<\/h3><\/div>\n\n\n\n<div class=\"wp-block-buttons alignwide is-content-justification-center is-layout-flex wp-container-core-buttons-is-layout-a89b3969 wp-block-buttons-is-layout-flex\">\n<div class=\"wp-block-button has-custom-width wp-block-button__width-50 is-style-fill uag-hide-tab uag-hide-mob\"><a class=\"wp-block-button__link has-text-align-center wp-element-button\" href=\"\/en\/endustriyel-makineler\/degirmenler\/bilyali-degirmen\/\" target=\"_blank\" rel=\"noreferrer noopener\">LEARN MORE<\/a><\/div>\n\n\n\n<div class=\"wp-block-button has-custom-width wp-block-button__width-100 is-style-fill uag-hide-desktop\"><a class=\"wp-block-button__link has-text-align-center wp-element-button\" href=\"\/en\/endustriyel-dinlendirme-karistiricilari\/\" target=\"_blank\" rel=\"noreferrer noopener\">LEARN MORE<\/a><\/div>\n<\/div>\n\n\n\n<div class=\"wp-block-uagb-separator uagb-block-2a57e239\"><div class=\"wp-block-uagb-separator__inner\" style=\"--my-background-image:\"><\/div><\/div>\n\n\n\n<div class=\"wp-block-columns is-layout-flex wp-container-core-columns-is-layout-28f84493 wp-block-columns-is-layout-flex\">\n<div class=\"wp-block-column is-layout-flow wp-block-column-is-layout-flow\" style=\"padding-top:var(--wp--preset--spacing--30);padding-bottom:var(--wp--preset--spacing--30);flex-basis:50%\">\n<figure class=\"wp-block-image size-full is-resized\"><img decoding=\"async\" width=\"1024\" height=\"705\" src=\"http:\/\/refsanpro.com\/wp-content\/uploads\/2023\/11\/165243156234125.webp\" alt=\"\" class=\"wp-image-7646\" style=\"aspect-ratio:1.7777777777777777;object-fit:contain;width:633px;height:auto\" srcset=\"http:\/\/refsanpro.com\/wp-content\/uploads\/2023\/11\/165243156234125.webp 1024w, http:\/\/refsanpro.com\/wp-content\/uploads\/2023\/11\/165243156234125-300x207.webp 300w, http:\/\/refsanpro.com\/wp-content\/uploads\/2023\/11\/165243156234125-768x529.webp 768w, http:\/\/refsanpro.com\/wp-content\/uploads\/2023\/11\/165243156234125-600x413.webp 600w\" sizes=\"(max-width: 1024px) 100vw, 1024px\" \/><\/figure>\n\n\n\n<div class=\"wp-block-uagb-advanced-heading uagb-block-7589c33e\"><h3 class=\"uagb-heading-text\">HOPPER MILL<\/h3><\/div>\n\n\n\n<div class=\"wp-block-buttons is-layout-flex wp-block-buttons-is-layout-flex\">\n<div class=\"wp-block-button has-custom-width wp-block-button__width-100 is-style-fill\"><a class=\"wp-block-button__link wp-element-button\" href=\"\/en\/endustriyel-makineler\/degirmenler\/hazneli-degirmen\/\" target=\"_blank\" rel=\"noreferrer noopener\">LEARN MORE<\/a><\/div>\n<\/div>\n<\/div>\n\n\n\n<div class=\"wp-block-column is-layout-flow wp-block-column-is-layout-flow\" style=\"padding-top:var(--wp--preset--spacing--30);padding-bottom:var(--wp--preset--spacing--30);flex-basis:50%\">\n<figure class=\"wp-block-image size-full is-resized\"><img loading=\"lazy\" decoding=\"async\" width=\"1024\" height=\"705\" src=\"http:\/\/refsanpro.com\/wp-content\/uploads\/2023\/11\/1928731.webp\" alt=\"\" class=\"wp-image-7650\" style=\"aspect-ratio:1.7777777777777777;object-fit:contain;width:633px;height:auto\" srcset=\"http:\/\/refsanpro.com\/wp-content\/uploads\/2023\/11\/1928731.webp 1024w, http:\/\/refsanpro.com\/wp-content\/uploads\/2023\/11\/1928731-300x207.webp 300w, http:\/\/refsanpro.com\/wp-content\/uploads\/2023\/11\/1928731-768x529.webp 768w, http:\/\/refsanpro.com\/wp-content\/uploads\/2023\/11\/1928731-600x413.webp 600w\" sizes=\"(max-width: 1024px) 100vw, 1024px\" \/><\/figure>\n\n\n\n<div class=\"wp-block-uagb-advanced-heading uagb-block-c2aa2632\"><h3 class=\"uagb-heading-text\">JET MILLS<\/h3><\/div>\n\n\n\n<div class=\"wp-block-buttons is-layout-flex wp-block-buttons-is-layout-flex\">\n<div class=\"wp-block-button has-custom-width wp-block-button__width-100 is-style-fill\"><a class=\"wp-block-button__link wp-element-button\" href=\"\/en\/endustriyel-makineler\/degirmenler\/jet-degirmen\/\" target=\"_blank\" rel=\"noreferrer noopener\">LEARN MORE<\/a><\/div>\n<\/div>\n<\/div>\n<\/div>\n\n\n\n<div class=\"wp-block-uagb-separator uagb-block-5bf753c5\"><div class=\"wp-block-uagb-separator__inner\" style=\"--my-background-image:\"><\/div><\/div>\n\n\n\n<div class=\"wp-block-uagb-separator uagb-block-c22dd9be\"><div class=\"wp-block-uagb-separator__inner\" style=\"--my-background-image:\"><\/div><\/div>\n\n\n\n<div class=\"wp-block-uagb-advanced-heading uagb-block-e699f990\"><h4 class=\"uagb-heading-text\"><strong>REFSAN's <\/strong>OUR MACHINES ARE TRUSTED BY MANY BUSINESSES AND INSTITUTIONS.<\/h4><\/div>\n\n\n\n<div class=\"wp-block-columns is-layout-flex wp-container-core-columns-is-layout-28f84493 wp-block-columns-is-layout-flex\">\n<div class=\"wp-block-column is-layout-flow wp-block-column-is-layout-flow\">\n<div class=\"wp-block-columns is-not-stacked-on-mobile is-layout-flex wp-container-core-columns-is-layout-e0e4babd wp-block-columns-is-layout-flex\" style=\"padding-right:0;padding-left:0\">\n<div class=\"wp-block-column is-layout-flow wp-block-column-is-layout-flow\">\n<div class=\"wp-block-uagb-info-box uagb-block-1b494c73 uagb-infobox__content-wrap  uagb-infobox-icon-above-title uagb-infobox-image-valign-top\"><div class=\"uagb-ifb-content\"><div class=\"uagb-ifb-image-content\"><img decoding=\"async\" src=\"http:\/\/refsanpro.com\/wp-content\/uploads\/2023\/12\/123612432.webp\" alt=\"\" width=\"\" height=\"0\" loading=\"lazy\"\/><\/div><div class=\"uagb-ifb-title-wrap\"><\/div><\/div><\/div>\n<\/div>\n\n\n\n<div class=\"wp-block-column is-layout-flow wp-block-column-is-layout-flow\">\n<div class=\"wp-block-uagb-info-box uagb-block-d6fb4e6b uagb-infobox__content-wrap  uagb-infobox-icon-above-title uagb-infobox-image-valign-top\"><div class=\"uagb-ifb-content\"><div class=\"uagb-ifb-image-content\"><img decoding=\"async\" src=\"http:\/\/refsanpro.com\/wp-content\/uploads\/2023\/12\/3-12.webp\" alt=\"\" width=\"\" height=\"0\" loading=\"lazy\"\/><\/div><div class=\"uagb-ifb-title-wrap\"><\/div><\/div><\/div>\n<\/div>\n\n\n\n<div class=\"wp-block-column is-layout-flow wp-block-column-is-layout-flow\">\n<div class=\"wp-block-uagb-info-box uagb-block-5ffa7f27 uagb-infobox__content-wrap  uagb-infobox-icon-above-title uagb-infobox-image-valign-top\"><div class=\"uagb-ifb-content\"><div class=\"uagb-ifb-image-content\"><img decoding=\"async\" src=\"http:\/\/refsanpro.com\/wp-content\/uploads\/2023\/12\/615243125341523.webp\" alt=\"\" width=\"\" height=\"0\" loading=\"lazy\"\/><\/div><div class=\"uagb-ifb-title-wrap\"><\/div><\/div><\/div>\n<\/div>\n<\/div>\n<\/div>\n\n\n\n<div class=\"wp-block-column is-layout-flow wp-block-column-is-layout-flow\">\n<div class=\"wp-block-columns is-not-stacked-on-mobile is-layout-flex wp-container-core-columns-is-layout-28f84493 wp-block-columns-is-layout-flex\">\n<div class=\"wp-block-column is-layout-flow wp-block-column-is-layout-flow\">\n<div class=\"wp-block-uagb-info-box uagb-block-8c649106 uagb-infobox__content-wrap  uagb-infobox-icon-above-title uagb-infobox-image-valign-top\"><div class=\"uagb-ifb-content\"><div class=\"uagb-ifb-image-content\"><img decoding=\"async\" src=\"http:\/\/refsanpro.com\/wp-content\/uploads\/2023\/12\/15-12.webp\" alt=\"\" width=\"\" height=\"0\" loading=\"lazy\"\/><\/div><div class=\"uagb-ifb-title-wrap\"><\/div><\/div><\/div>\n<\/div>\n\n\n\n<div class=\"wp-block-column is-layout-flow wp-block-column-is-layout-flow\">\n<div class=\"wp-block-uagb-info-box uagb-block-0be55c1c uagb-infobox__content-wrap  uagb-infobox-icon-above-title uagb-infobox-image-valign-top\"><div class=\"uagb-ifb-content\"><div class=\"uagb-ifb-image-content\"><img decoding=\"async\" src=\"http:\/\/refsanpro.com\/wp-content\/uploads\/2023\/12\/16254312653.webp\" alt=\"\" width=\"\" height=\"0\" loading=\"lazy\"\/><\/div><div class=\"uagb-ifb-title-wrap\"><\/div><\/div><\/div>\n<\/div>\n\n\n\n<div class=\"wp-block-column is-layout-flow wp-block-column-is-layout-flow\">\n<div class=\"wp-block-uagb-info-box uagb-block-ddc57732 uagb-infobox__content-wrap  uagb-infobox-icon-above-title uagb-infobox-image-valign-top\"><div class=\"uagb-ifb-content\"><div class=\"uagb-ifb-image-content\"><img decoding=\"async\" src=\"http:\/\/refsanpro.com\/wp-content\/uploads\/2023\/12\/1-12.webp\" alt=\"\" width=\"\" height=\"0\" loading=\"lazy\"\/><\/div><div class=\"uagb-ifb-title-wrap\"><\/div><\/div><\/div>\n<\/div>\n<\/div>\n<\/div>\n<\/div>\n\n\n\n<div class=\"wp-block-uagb-separator uagb-block-2fb67814\"><div class=\"wp-block-uagb-separator__inner\" style=\"--my-background-image:\"><\/div><\/div>\n<\/div><\/div>\n<\/div><\/div><\/div><\/div>\n\n\n\n<div class=\"wp-block-uagb-container uagb-block-a17b937d alignfull uagb-is-root-container\">\n<div class=\"wp-block-uagb-container uagb-block-f4728d9c\">\n<div class=\"wp-block-columns is-layout-flex wp-container-core-columns-is-layout-28f84493 wp-block-columns-is-layout-flex\">\n<div class=\"wp-block-column is-layout-flow wp-block-column-is-layout-flow\">\n<div class=\"wp-block-uagb-advanced-heading uagb-block-a69b8f78\"><h6 class=\"uagb-heading-text\"><strong>REFSAN OFFERS<\/strong><\/h6><\/div>\n<\/div>\n<\/div>\n<\/div>\n\n\n\n<div class=\"wp-block-uagb-separator uagb-block-f683bfc6\"><div class=\"wp-block-uagb-separator__inner\" style=\"--my-background-image:\"><\/div><\/div>\n\n\n\n<div class=\"wp-block-uagb-container uagb-block-a974b730\">\n<div class=\"wp-block-columns is-layout-flex wp-container-core-columns-is-layout-28f84493 wp-block-columns-is-layout-flex\">\n<div class=\"wp-block-column is-layout-flow wp-block-column-is-layout-flow\" style=\"flex-basis:24%\">\n<p class=\"has-text-align-center has-ast-global-color-8-color has-text-color has-link-color wp-elements-562f027b035f966fa4b4a3b4c554c55a\" style=\"font-size:20px\"><strong><strong>0-1300\u00b0C<\/strong>&nbsp;ALL HEAT TREATMENTS BETWEEN<\/strong><\/p>\n\n\n\n<p class=\"has-text-align-center has-ast-global-color-5-color has-text-color has-link-color wp-elements-faa8797736783f240499973525a07609\">We manufacture kilns for all thermal problems up to 1300\u00b0C. <\/p>\n<\/div>\n\n\n\n<div class=\"wp-block-column is-layout-flow wp-block-column-is-layout-flow\" style=\"flex-basis:24%\">\n<p class=\"has-text-align-center has-ast-global-color-8-color has-text-color has-link-color wp-elements-aa7cd0dfe9654f73345e410a593ac957\" style=\"font-size:20px\"><strong><strong>1000+ PRODUCTS<\/strong><\/strong><\/p>\n\n\n\n<p class=\"has-text-align-center has-ast-global-color-5-color has-text-color has-link-color wp-elements-b23e5ea4774fdb73ad7e5c562135d4cc\">Products that offer high quality solutions optimised for the diversity of your applications<\/p>\n<\/div>\n\n\n\n<div class=\"wp-block-column is-layout-flow wp-block-column-is-layout-flow\" style=\"flex-basis:24%\">\n<p class=\"has-text-align-center has-ast-global-color-8-color has-text-color has-link-color wp-elements-ba43f63a8ddff3716c228a2d021e0a73\" style=\"font-size:20px\"><strong><strong>2 + 10 YEARS WARRANTY AND SERVICE SUPPORT<\/strong><\/strong><\/p>\n\n\n\n<p class=\"has-text-align-center has-ast-global-color-5-color has-text-color has-link-color wp-elements-36714d121a234e0f0f0300af75430f87\">We have full confidence in the quality of our products and we are always with you.<\/p>\n<\/div>\n\n\n\n<div class=\"wp-block-column is-layout-flow wp-block-column-is-layout-flow\" style=\"flex-basis:24%\">\n<p class=\"has-text-align-center has-ast-global-color-8-color has-text-color has-link-color wp-elements-cd62d259ac4c7659d567c45349c0dfc1\" style=\"font-size:20px\"><strong><strong>SPECIAL DESIGN PRODUCTS<\/strong><\/strong><\/p>\n\n\n\n<p class=\"has-text-align-center has-ast-global-color-5-color has-text-color has-link-color wp-elements-b30c783bdbba77c50a73349b56509bb2\">Contact us for your specific thermal requirements and we will design the most suitable kiln solutions.<\/p>\n<\/div>\n<\/div>\n<\/div>\n\n\n\n<div class=\"wp-block-uagb-separator uagb-block-9622e712\"><div class=\"wp-block-uagb-separator__inner\" style=\"--my-background-image:\"><\/div><\/div>\n\n\n\n<div class=\"wp-block-uagb-call-to-action uagb-block-42285397 wp-block-button\"><div class=\"uagb-cta__wrap\"><h3 class=\"uagb-cta__title\">FOR OUR PRODUCTS, SOLUTIONS AND MORE<\/h3><\/div><div class=\"uagb-cta__buttons\"><a href=\"\/en\/iletisim\/\" class=\"uagb-cta__button-link-wrapper wp-block-button__link\" target=\"_self\" rel=\"noopener noreferrer\">CONTACT US<\/a><\/div><\/div>\n<\/div>","protected":false},"excerpt":{"rendered":"<p>DE\u011e\u0130RMENLER REFSAN TEKL\u0130FLER\u0130 0-1300\u00b0C&nbsp;ARASI T\u00dcM ISIL \u0130\u015eLEMLER 1300\u00b0C&#8217;ye kadar olan t\u00fcm termal sorunlar i\u00e7in f\u0131r\u0131nlar \u00fcretiyoruz. 1000+ \u00dcR\u00dcN Uygulamar\u0131n\u0131z \u00e7e\u015fitili\u011fine en uygun y\u00fcksek kaliteli \u00e7\u00f6z\u00fcmler sunan \u00fcr\u00fcnler 2 + 10 YIL GARANT\u0130 VE SERV\u0130S DESTE\u011e\u0130 \u00dcr\u00fcnlerimizin kalitesine sonuna kadar g\u00fcveniyoruz ve her zaman yan\u0131n\u0131zday\u0131z. \u00d6ZEL TASARIM \u00dcR\u00dcNLER \u00d6zel \u0131s\u0131l ihtiya\u00e7lar\u0131n\u0131z i\u00e7in bize ula\u015fabilirsiniz ve en [&hellip;]<\/p>","protected":false},"author":2,"featured_media":0,"parent":6380,"menu_order":0,"comment_status":"closed","ping_status":"closed","template":"","meta":{"_eb_attr":"","_uag_custom_page_level_css":"","site-sidebar-layout":"default","site-content-layout":"","ast-site-content-layout":"default","site-content-style":"default","site-sidebar-style":"default","ast-global-header-display":"","ast-banner-title-visibility":"","ast-main-header-display":"","ast-hfb-above-header-display":"","ast-hfb-below-header-display":"","ast-hfb-mobile-header-display":"","site-post-title":"disabled","ast-breadcrumbs-content":"","ast-featured-img":"","footer-sml-layout":"","theme-transparent-header-meta":"","adv-header-id-meta":"","stick-header-meta":"","header-above-stick-meta":"","header-main-stick-meta":"","header-below-stick-meta":"","astra-migrate-meta-layouts":"set","ast-page-background-enabled":"default","ast-page-background-meta":{"desktop":{"background-color":"","background-image":"","background-repeat":"repeat","background-position":"center center","background-size":"auto","background-attachment":"scroll","background-type":"","background-media":"","overlay-type":"","overlay-color":"","overlay-opacity":"","overlay-gradient":""},"tablet":{"background-color":"","background-image":"","background-repeat":"repeat","background-position":"center center","background-size":"auto","background-attachment":"scroll","background-type":"","background-media":"","overlay-type":"","overlay-color":"","overlay-opacity":"","overlay-gradient":""},"mobile":{"background-color":"","background-image":"","background-repeat":"repeat","background-position":"center center","background-size":"auto","background-attachment":"scroll","background-type":"","background-media":"","overlay-type":"","overlay-color":"","overlay-opacity":"","overlay-gradient":""}},"ast-content-background-meta":{"desktop":{"background-color":"var(--ast-global-color-5)","background-image":"","background-repeat":"repeat","background-position":"center center","background-size":"auto","background-attachment":"scroll","background-type":"","background-media":"","overlay-type":"","overlay-color":"","overlay-opacity":"","overlay-gradient":""},"tablet":{"background-color":"var(--ast-global-color-5)","background-image":"","background-repeat":"repeat","background-position":"center center","background-size":"auto","background-attachment":"scroll","background-type":"","background-media":"","overlay-type":"","overlay-color":"","overlay-opacity":"","overlay-gradient":""},"mobile":{"background-color":"var(--ast-global-color-5)","background-image":"","background-repeat":"repeat","background-position":"center center","background-size":"auto","background-attachment":"scroll","background-type":"","background-media":"","overlay-type":"","overlay-color":"","overlay-opacity":"","overlay-gradient":""}},"footnotes":""},"class_list":["post-7639","page","type-page","status-publish","hentry"],"uagb_featured_image_src":{"full":false,"thumbnail":false,"medium":false,"medium_large":false,"large":false,"1536x1536":false,"2048x2048":false,"trp-custom-language-flag":false,"woocommerce_thumbnail":false,"woocommerce_single":false,"woocommerce_gallery_thumbnail":false},"uagb_author_info":{"display_name":"G\u00fcney S\u00fcr\u00fcc\u00fco\u011flu","author_link":"http:\/\/refsanpro.com\/en\/author\/guney\/"},"uagb_comment_info":0,"uagb_excerpt":"DE\u011e\u0130RMENLER REFSAN TEKL\u0130FLER\u0130 0-1300\u00b0C&nbsp;ARASI T\u00dcM ISIL \u0130\u015eLEMLER 1300\u00b0C&#8217;ye kadar olan t\u00fcm termal sorunlar i\u00e7in f\u0131r\u0131nlar \u00fcretiyoruz. 1000+ \u00dcR\u00dcN Uygulamar\u0131n\u0131z \u00e7e\u015fitili\u011fine en uygun y\u00fcksek kaliteli \u00e7\u00f6z\u00fcmler sunan \u00fcr\u00fcnler 2 + 10 YIL GARANT\u0130 VE SERV\u0130S DESTE\u011e\u0130 \u00dcr\u00fcnlerimizin kalitesine sonuna kadar g\u00fcveniyoruz ve her zaman yan\u0131n\u0131zday\u0131z. \u00d6ZEL TASARIM \u00dcR\u00dcNLER \u00d6zel \u0131s\u0131l ihtiya\u00e7lar\u0131n\u0131z i\u00e7in bize ula\u015fabilirsiniz ve en&hellip;","_links":{"self":[{"href":"http:\/\/refsanpro.com\/en\/wp-json\/wp\/v2\/pages\/7639","targetHints":{"allow":["GET"]}}],"collection":[{"href":"http:\/\/refsanpro.com\/en\/wp-json\/wp\/v2\/pages"}],"about":[{"href":"http:\/\/refsanpro.com\/en\/wp-json\/wp\/v2\/types\/page"}],"author":[{"embeddable":true,"href":"http:\/\/refsanpro.com\/en\/wp-json\/wp\/v2\/users\/2"}],"replies":[{"embeddable":true,"href":"http:\/\/refsanpro.com\/en\/wp-json\/wp\/v2\/comments?post=7639"}],"version-history":[{"count":16,"href":"http:\/\/refsanpro.com\/en\/wp-json\/wp\/v2\/pages\/7639\/revisions"}],"predecessor-version":[{"id":9305,"href":"http:\/\/refsanpro.com\/en\/wp-json\/wp\/v2\/pages\/7639\/revisions\/9305"}],"up":[{"embeddable":true,"href":"http:\/\/refsanpro.com\/en\/wp-json\/wp\/v2\/pages\/6380"}],"wp:attachment":[{"href":"http:\/\/refsanpro.com\/en\/wp-json\/wp\/v2\/media?parent=7639"}],"curies":[{"name":"wp","href":"https:\/\/api.w.org\/{rel}","templated":true}]}}