{"id":7556,"date":"2023-11-27T07:12:33","date_gmt":"2023-11-27T07:12:33","guid":{"rendered":"http:\/\/refsanpro.com\/?page_id=7556"},"modified":"2024-01-08T12:51:34","modified_gmt":"2024-01-08T12:51:34","slug":"yatay-karistirici","status":"publish","type":"page","link":"http:\/\/refsanpro.com\/en\/endustriyel-makineler\/karistiricilar\/yatay-karistirici\/","title":{"rendered":"Horizontal Mixers"},"content":{"rendered":"<div class=\"wp-block-uagb-container uagb-block-b9b0fedc alignfull uagb-is-root-container\"><div class=\"uagb-container-inner-blocks-wrap\">\n<div class=\"wp-block-uagb-container uagb-block-cf730d8f\">\n<div class=\"wp-block-columns alignfull has-background is-layout-flex wp-container-core-columns-is-layout-28f84493 wp-block-columns-is-layout-flex\" style=\"background-color:#f9f9f9\">\n<div class=\"wp-block-column is-vertically-aligned-center is-layout-flow wp-block-column-is-layout-flow\" style=\"padding-top:var(--wp--preset--spacing--30);padding-right:var(--wp--preset--spacing--30);padding-bottom:var(--wp--preset--spacing--30);padding-left:var(--wp--preset--spacing--30);flex-basis:500px\">\n<div class=\"wp-block-uagb-advanced-heading uagb-block-91a91ba9\"><h1 class=\"uagb-heading-text\"><strong>DUST SPRINKLER CABINET | <\/strong>HORIZONTAL MIXER<\/h1><\/div>\n\n\n\n<div class=\"wp-block-uagb-advanced-heading uagb-block-3ab51117\"><\/div>\n\n\n\n<div class=\"wp-block-essential-blocks-button\"><div class=\"eb-parent-wrapper eb-parent-eb-button-h5gpx75\"><div class=\"eb-button-wrapper eb-button-alignment eb-button-h5gpx75\"><div class=\"eb-button\"><a class=\"eb-button-anchor\" href=\"\/en\/teklif-al\/\" rel=\"noopener\">GET AN OFFER FOR MIXER MACHINES<\/a><\/div><\/div><\/div><\/div>\n<\/div>\n\n\n\n<div class=\"wp-block-column is-vertically-aligned-center is-layout-flow wp-block-column-is-layout-flow\">\n<figure class=\"wp-block-image size-full is-resized\"><img fetchpriority=\"high\" decoding=\"async\" width=\"931\" height=\"524\" src=\"http:\/\/refsanpro.com\/wp-content\/uploads\/2023\/11\/1321323123.webp\" alt=\"\" class=\"wp-image-7565\" style=\"aspect-ratio:1.7767175572519085;object-fit:contain;width:1057px;height:auto\" srcset=\"http:\/\/refsanpro.com\/wp-content\/uploads\/2023\/11\/1321323123.webp 931w, http:\/\/refsanpro.com\/wp-content\/uploads\/2023\/11\/1321323123-300x169.webp 300w, http:\/\/refsanpro.com\/wp-content\/uploads\/2023\/11\/1321323123-768x432.webp 768w, http:\/\/refsanpro.com\/wp-content\/uploads\/2023\/11\/1321323123-600x338.webp 600w\" sizes=\"(max-width: 931px) 100vw, 931px\" \/><\/figure>\n<\/div>\n<\/div>\n<\/div>\n<\/div><\/div>\n\n\n\n<div class=\"wp-block-essential-blocks-advanced-tabs alignwide\"><div class=\"eb-parent-wrapper eb-parent-eb-advanced-tabs-muuimaf\"><div class=\"eb-advanced-tabs-muuimaf eb-advanced-tabs-wrapper horizontal\"><div class=\"eb-tabs-nav\"><ul class=\"tabTitles\" data-tabs-ul-id=\"eb-advanced-tabs-muuimaf\"><li data-title-tab-id=\"1\" data-title-custom-id=\"\" class=\"active\"><span class=\"tabIcon fas fa-angle-right\"><\/span><h6 class=\"tab-title-text\">HORIZONTAL MIXER<\/h6><\/li><\/ul><\/div><div class=\"eb-tabs-contents\">\n<div class=\"eb-tab-wrapper\" data-tab-id=\"1\" data-tab-parent-id=\"eb-advanced-tabs-muuimaf\"><div class=\"eb-tab-inner\">\n<div class=\"wp-block-uagb-separator uagb-block-a19b599f\"><div class=\"wp-block-uagb-separator__inner\" style=\"--my-background-image:\"><\/div><\/div>\n<\/div><\/div>\n<\/div><\/div><\/div><\/div>\n\n\n\n<div class=\"wp-block-uagb-container uagb-block-6c5504b8 alignfull uagb-is-root-container\"><div class=\"uagb-container-inner-blocks-wrap\">\n<div class=\"wp-block-columns is-layout-flex wp-container-core-columns-is-layout-28f84493 wp-block-columns-is-layout-flex\">\n<div class=\"wp-block-column is-layout-flow wp-block-column-is-layout-flow\" style=\"flex-basis:40%\">\n<div class=\"wp-block-uagb-slider uagb-block-dfc16e92 uagb-slider-container\"><div class=\"uagb-slides uagb-swiper\"><div class=\"swiper-wrapper\">\n<div class=\"wp-block-uagb-slider-child uagb-slider-child-wrap swiper-slide uagb-block-b0d81264\"><div class=\"swiper-content\">\n<div class=\"wp-block-uagb-container uagb-block-a92a51bf\">\n<div class=\"wp-block-uagb-info-box uagb-block-8725de89 uagb-infobox__content-wrap  uagb-infobox-icon-above-title uagb-infobox-image-valign-top\"><div class=\"uagb-ifb-content\"><div class=\"uagb-ifb-image-content\"><img decoding=\"async\" src=\"http:\/\/refsanpro.com\/wp-content\/uploads\/2023\/11\/123456w.webp\" alt=\"\" width=\"\" height=\"0\" loading=\"lazy\"\/><\/div><div class=\"uagb-ifb-title-wrap\"><\/div><\/div><\/div>\n<\/div>\n<\/div><\/div>\n\n\n\n<div class=\"wp-block-uagb-slider-child uagb-slider-child-wrap swiper-slide uagb-block-c86e7ef8\"><div class=\"swiper-content\">\n<div class=\"wp-block-uagb-container uagb-block-87bd2a04\">\n<div class=\"wp-block-uagb-info-box uagb-block-7c4d1a87 uagb-infobox__content-wrap  uagb-infobox-icon-above-title uagb-infobox-image-valign-top\"><div class=\"uagb-ifb-content\"><div class=\"uagb-ifb-image-content\"><img decoding=\"async\" src=\"http:\/\/refsanpro.com\/wp-content\/uploads\/2023\/11\/123.webp\" alt=\"\" width=\"\" height=\"0\" loading=\"lazy\"\/><\/div><div class=\"uagb-ifb-title-wrap\"><\/div><\/div><\/div>\n<\/div>\n<\/div><\/div>\n\n\n\n<div class=\"wp-block-uagb-slider-child uagb-slider-child-wrap swiper-slide uagb-block-2ac2186b\"><div class=\"swiper-content\">\n<div class=\"wp-block-uagb-container uagb-block-ee605557\">\n<div class=\"wp-block-uagb-info-box uagb-block-5c24f668 uagb-infobox__content-wrap  uagb-infobox-icon-above-title uagb-infobox-image-valign-top\"><div class=\"uagb-ifb-content\"><div class=\"uagb-ifb-image-content\"><img decoding=\"async\" src=\"http:\/\/refsanpro.com\/wp-content\/uploads\/2023\/11\/1234568798.webp\" alt=\"\" width=\"\" height=\"0\" loading=\"lazy\"\/><\/div><div class=\"uagb-ifb-title-wrap\"><\/div><\/div><\/div>\n<\/div>\n<\/div><\/div>\n\n\n\n<div class=\"wp-block-uagb-slider-child uagb-slider-child-wrap swiper-slide uagb-block-f11f2fd4\"><div class=\"swiper-content\">\n<div class=\"wp-block-uagb-container uagb-block-d48d12dc\">\n<div class=\"wp-block-uagb-info-box uagb-block-2263c2fb uagb-infobox__content-wrap  uagb-infobox-icon-above-title uagb-infobox-image-valign-top\"><div class=\"uagb-ifb-content\"><div class=\"uagb-ifb-image-content\"><img decoding=\"async\" src=\"http:\/\/refsanpro.com\/wp-content\/uploads\/2023\/11\/1234.webp\" alt=\"\" width=\"\" height=\"0\" loading=\"lazy\"\/><\/div><div class=\"uagb-ifb-title-wrap\"><\/div><\/div><\/div>\n<\/div>\n<\/div><\/div>\n\n\n\n<div class=\"wp-block-uagb-slider-child uagb-slider-child-wrap swiper-slide uagb-block-79b03dbd\"><div class=\"swiper-content\">\n<div class=\"wp-block-uagb-container uagb-block-004e798d\">\n<div class=\"wp-block-uagb-info-box uagb-block-dbab467b uagb-infobox__content-wrap  uagb-infobox-icon-above-title uagb-infobox-image-valign-top\"><div class=\"uagb-ifb-content\"><div class=\"uagb-ifb-image-content\"><img decoding=\"async\" src=\"http:\/\/refsanpro.com\/wp-content\/uploads\/2023\/11\/12345.webp\" alt=\"\" width=\"\" height=\"0\" loading=\"lazy\"\/><\/div><div class=\"uagb-ifb-title-wrap\"><\/div><\/div><\/div>\n<\/div>\n<\/div><\/div>\n\n\n\n<div class=\"wp-block-uagb-slider-child uagb-slider-child-wrap swiper-slide uagb-block-cc163216\"><div class=\"swiper-content\">\n<div class=\"wp-block-uagb-container uagb-block-1f4c21b0\">\n<div class=\"wp-block-uagb-info-box uagb-block-364e4a4e uagb-infobox__content-wrap  uagb-infobox-icon-above-title uagb-infobox-image-valign-top\"><div class=\"uagb-ifb-content\"><div class=\"uagb-ifb-image-content\"><img decoding=\"async\" src=\"http:\/\/refsanpro.com\/wp-content\/uploads\/2023\/11\/1234567.webp\" alt=\"\" width=\"\" height=\"0\" loading=\"lazy\"\/><\/div><div class=\"uagb-ifb-title-wrap\"><\/div><\/div><\/div>\n<\/div>\n<\/div><\/div>\n<\/div><\/div><div class=\"swiper-pagination\"><\/div><\/div>\n<\/div>\n\n\n\n<div class=\"wp-block-column is-layout-flow wp-block-column-is-layout-flow\" style=\"flex-basis:60%\">\n<p style=\"font-style:normal;font-weight:300\">After the cluster models produced in investment casting are coated by immersion in a ceramic mud bath, the clusters are coated with refractory powder in the sprinkler cabinet.<\/p>\n\n\n\n<p style=\"font-style:normal;font-weight:300\">REFSAN powder sprinkler cabinet and ceramic bath (scraper mixer) can be offered together.<\/p>\n\n\n\n<p style=\"font-style:normal;font-weight:300\">Special design and production can be made for your business.<\/p>\n\n\n\n<ul class=\"wp-block-list\">\n<li>600 mm mould inlet diameter.<\/li>\n\n\n\n<li>The boiler is made of stainless steel with a depth of 800 mm and a diameter of 800 mm.<\/li>\n\n\n\n<li>Mixing and dust sprinkling is carried out with 100 mm high angled paddles in the boiler.<\/li>\n<\/ul>\n<\/div>\n<\/div>\n<\/div><\/div>\n\n\n\n<div class=\"wp-block-uagb-separator uagb-block-4b96dbcc\"><div class=\"wp-block-uagb-separator__inner\" style=\"--my-background-image:\"><\/div><\/div>\n\n\n\n<div class=\"wp-block-uagb-advanced-heading uagb-block-cd40a1c8\"><h5 class=\"uagb-heading-text\">TECHNICAL SPECIFATION<\/h5><\/div>\n\n\n\n<figure class=\"wp-block-table aligncenter is-style-stripes has-small-font-size\" style=\"padding-top:var(--wp--preset--spacing--60);padding-right:var(--wp--preset--spacing--30);padding-bottom:var(--wp--preset--spacing--60);padding-left:var(--wp--preset--spacing--30)\"><table class=\"has-fixed-layout\" style=\"border-width:1px\"><tbody><tr><td class=\"has-text-align-left\" data-align=\"left\"><strong>MODEL<\/strong><\/td><td>Powder Sprinkler Cabinet <\/td><\/tr><tr><td class=\"has-text-align-left\" data-align=\"left\"><strong><strong>MOTOR POWER<\/strong><\/strong><\/td><td>**  kW<\/td><\/tr><tr><td class=\"has-text-align-left\" data-align=\"left\"><strong><strong>BOILER MATERIAL<\/strong><\/strong><\/td><td>Stainless Steel<\/td><\/tr><tr><td class=\"has-text-align-left\" data-align=\"left\"><strong><strong><strong><strong>HEIGHT<\/strong><\/strong><\/strong>\u3164<\/strong><\/td><td>157 cm<\/td><\/tr><tr><td class=\"has-text-align-left\" data-align=\"left\"><strong><strong>WIDTH<\/strong><\/strong><\/td><td>85 cm<\/td><\/tr><tr><td class=\"has-text-align-left\" data-align=\"left\"><strong><strong>DEPTH<\/strong><\/strong><\/td><td>127 cm<\/td><\/tr><tr><td class=\"has-text-align-left\" data-align=\"left\"><strong><strong>BOILER DIAMETER<\/strong><\/strong><\/td><td>800 mm<\/td><\/tr><tr><td class=\"has-text-align-left\" data-align=\"left\"><strong><strong>MOULD INLET DIAMETER<\/strong><\/strong><\/td><td>600 mm<\/td><\/tr><tr><td class=\"has-text-align-left\" data-align=\"left\"><strong>WARRANTY<\/strong><\/td><td>2 Year<\/td><\/tr><tr><td class=\"has-text-align-left\" data-align=\"left\"><strong>SERVICE WARRANTY<\/strong><\/td><td>10 Year<\/td><\/tr><\/tbody><\/table><\/figure>\n\n\n\n<div class=\"wp-block-uagb-advanced-heading uagb-block-e699f990\"><h4 class=\"uagb-heading-text\"><strong>REFSAN's <\/strong>OUR MACHINES ARE TRUSTED BY MANY BUSINESSES AND INSTITUTIONS.<\/h4><\/div>\n\n\n\n<div class=\"wp-block-columns is-layout-flex wp-container-core-columns-is-layout-28f84493 wp-block-columns-is-layout-flex\">\n<div class=\"wp-block-column is-layout-flow wp-block-column-is-layout-flow\">\n<div class=\"wp-block-columns is-not-stacked-on-mobile is-layout-flex wp-container-core-columns-is-layout-e0e4babd wp-block-columns-is-layout-flex\" style=\"padding-right:0;padding-left:0\">\n<div class=\"wp-block-column is-layout-flow wp-block-column-is-layout-flow\">\n<div class=\"wp-block-uagb-info-box uagb-block-1b494c73 uagb-infobox__content-wrap  uagb-infobox-icon-above-title uagb-infobox-image-valign-top\"><div class=\"uagb-ifb-content\"><div class=\"uagb-ifb-image-content\"><img decoding=\"async\" src=\"http:\/\/refsanpro.com\/wp-content\/uploads\/2023\/12\/123612432.webp\" alt=\"\" width=\"\" height=\"0\" loading=\"lazy\"\/><\/div><div class=\"uagb-ifb-title-wrap\"><\/div><\/div><\/div>\n<\/div>\n\n\n\n<div class=\"wp-block-column is-layout-flow wp-block-column-is-layout-flow\">\n<div class=\"wp-block-uagb-info-box uagb-block-d6fb4e6b uagb-infobox__content-wrap  uagb-infobox-icon-above-title uagb-infobox-image-valign-top\"><div class=\"uagb-ifb-content\"><div class=\"uagb-ifb-image-content\"><img decoding=\"async\" src=\"http:\/\/refsanpro.com\/wp-content\/uploads\/2023\/12\/3-12.webp\" alt=\"\" width=\"\" height=\"0\" loading=\"lazy\"\/><\/div><div class=\"uagb-ifb-title-wrap\"><\/div><\/div><\/div>\n<\/div>\n\n\n\n<div class=\"wp-block-column is-layout-flow wp-block-column-is-layout-flow\">\n<div class=\"wp-block-uagb-info-box uagb-block-5ffa7f27 uagb-infobox__content-wrap  uagb-infobox-icon-above-title uagb-infobox-image-valign-top\"><div class=\"uagb-ifb-content\"><div class=\"uagb-ifb-image-content\"><img decoding=\"async\" src=\"http:\/\/refsanpro.com\/wp-content\/uploads\/2023\/12\/615243125341523.webp\" alt=\"\" width=\"\" height=\"0\" loading=\"lazy\"\/><\/div><div class=\"uagb-ifb-title-wrap\"><\/div><\/div><\/div>\n<\/div>\n<\/div>\n<\/div>\n\n\n\n<div class=\"wp-block-column is-layout-flow wp-block-column-is-layout-flow\">\n<div class=\"wp-block-columns is-not-stacked-on-mobile is-layout-flex wp-container-core-columns-is-layout-28f84493 wp-block-columns-is-layout-flex\">\n<div class=\"wp-block-column is-layout-flow wp-block-column-is-layout-flow\">\n<div class=\"wp-block-uagb-info-box uagb-block-8c649106 uagb-infobox__content-wrap  uagb-infobox-icon-above-title uagb-infobox-image-valign-top\"><div class=\"uagb-ifb-content\"><div class=\"uagb-ifb-image-content\"><img decoding=\"async\" src=\"http:\/\/refsanpro.com\/wp-content\/uploads\/2023\/12\/15-12.webp\" alt=\"\" width=\"\" height=\"0\" loading=\"lazy\"\/><\/div><div class=\"uagb-ifb-title-wrap\"><\/div><\/div><\/div>\n<\/div>\n\n\n\n<div class=\"wp-block-column is-layout-flow wp-block-column-is-layout-flow\">\n<div class=\"wp-block-uagb-info-box uagb-block-0be55c1c uagb-infobox__content-wrap  uagb-infobox-icon-above-title uagb-infobox-image-valign-top\"><div class=\"uagb-ifb-content\"><div class=\"uagb-ifb-image-content\"><img decoding=\"async\" src=\"http:\/\/refsanpro.com\/wp-content\/uploads\/2023\/12\/16254312653.webp\" alt=\"\" width=\"\" height=\"0\" loading=\"lazy\"\/><\/div><div class=\"uagb-ifb-title-wrap\"><\/div><\/div><\/div>\n<\/div>\n\n\n\n<div class=\"wp-block-column is-layout-flow wp-block-column-is-layout-flow\">\n<div class=\"wp-block-uagb-info-box uagb-block-ddc57732 uagb-infobox__content-wrap  uagb-infobox-icon-above-title uagb-infobox-image-valign-top\"><div class=\"uagb-ifb-content\"><div class=\"uagb-ifb-image-content\"><img decoding=\"async\" src=\"http:\/\/refsanpro.com\/wp-content\/uploads\/2023\/12\/1-12.webp\" alt=\"\" width=\"\" height=\"0\" loading=\"lazy\"\/><\/div><div class=\"uagb-ifb-title-wrap\"><\/div><\/div><\/div>\n<\/div>\n<\/div>\n<\/div>\n<\/div>\n\n\n\n<div class=\"wp-block-uagb-container uagb-block-7317dab2 alignfull uagb-is-root-container\">\n<div class=\"wp-block-uagb-container uagb-block-f4728d9c\">\n<div class=\"wp-block-columns is-layout-flex wp-container-core-columns-is-layout-28f84493 wp-block-columns-is-layout-flex\">\n<div class=\"wp-block-column is-layout-flow wp-block-column-is-layout-flow\">\n<div class=\"wp-block-uagb-advanced-heading uagb-block-a69b8f78\"><h6 class=\"uagb-heading-text\"><strong>REFSAN OFFERS<\/strong><\/h6><\/div>\n<\/div>\n<\/div>\n<\/div>\n\n\n\n<div class=\"wp-block-uagb-separator uagb-block-f683bfc6\"><div class=\"wp-block-uagb-separator__inner\" style=\"--my-background-image:\"><\/div><\/div>\n\n\n\n<div class=\"wp-block-uagb-container uagb-block-a974b730\">\n<div class=\"wp-block-columns is-layout-flex wp-container-core-columns-is-layout-28f84493 wp-block-columns-is-layout-flex\">\n<div class=\"wp-block-column is-layout-flow wp-block-column-is-layout-flow\" style=\"flex-basis:24%\">\n<p class=\"has-text-align-center has-ast-global-color-8-color has-text-color has-link-color wp-elements-562f027b035f966fa4b4a3b4c554c55a\" style=\"font-size:20px\"><strong><strong>0-1300\u00b0C<\/strong>&nbsp;ALL HEAT TREATMENTS BETWEEN<\/strong><\/p>\n\n\n\n<p class=\"has-text-align-center has-ast-global-color-5-color has-text-color has-link-color wp-elements-faa8797736783f240499973525a07609\">We manufacture kilns for all thermal problems up to 1300\u00b0C. <\/p>\n<\/div>\n\n\n\n<div class=\"wp-block-column is-layout-flow wp-block-column-is-layout-flow\" style=\"flex-basis:24%\">\n<p class=\"has-text-align-center has-ast-global-color-8-color has-text-color has-link-color wp-elements-aa7cd0dfe9654f73345e410a593ac957\" style=\"font-size:20px\"><strong><strong>1000+ PRODUCTS<\/strong><\/strong><\/p>\n\n\n\n<p class=\"has-text-align-center has-ast-global-color-5-color has-text-color has-link-color wp-elements-b23e5ea4774fdb73ad7e5c562135d4cc\">Products that offer high quality solutions optimised for the diversity of your applications<\/p>\n<\/div>\n\n\n\n<div class=\"wp-block-column is-layout-flow wp-block-column-is-layout-flow\" style=\"flex-basis:24%\">\n<p class=\"has-text-align-center has-ast-global-color-8-color has-text-color has-link-color wp-elements-ba43f63a8ddff3716c228a2d021e0a73\" style=\"font-size:20px\"><strong><strong>2 + 10 YEARS WARRANTY AND SERVICE SUPPORT<\/strong><\/strong><\/p>\n\n\n\n<p class=\"has-text-align-center has-ast-global-color-5-color has-text-color has-link-color wp-elements-36714d121a234e0f0f0300af75430f87\">We have full confidence in the quality of our products and we are always with you.<\/p>\n<\/div>\n\n\n\n<div class=\"wp-block-column is-layout-flow wp-block-column-is-layout-flow\" style=\"flex-basis:24%\">\n<p class=\"has-text-align-center has-ast-global-color-8-color has-text-color has-link-color wp-elements-cd62d259ac4c7659d567c45349c0dfc1\" style=\"font-size:20px\"><strong><strong>SPECIAL DESIGN PRODUCTS<\/strong><\/strong><\/p>\n\n\n\n<p class=\"has-text-align-center has-ast-global-color-5-color has-text-color has-link-color wp-elements-b30c783bdbba77c50a73349b56509bb2\">Contact us for your specific thermal requirements and we will design the most suitable kiln solutions.<\/p>\n<\/div>\n<\/div>\n<\/div>\n\n\n\n<div class=\"wp-block-uagb-separator uagb-block-9622e712\"><div class=\"wp-block-uagb-separator__inner\" style=\"--my-background-image:\"><\/div><\/div>\n\n\n\n<div class=\"wp-block-uagb-call-to-action uagb-block-42285397 wp-block-button\"><div class=\"uagb-cta__wrap\"><h3 class=\"uagb-cta__title\">FOR OUR PRODUCTS, SOLUTIONS AND MORE<\/h3><\/div><div class=\"uagb-cta__buttons\"><a href=\"\/en\/iletisim\/\" class=\"uagb-cta__button-link-wrapper wp-block-button__link\" target=\"_self\" rel=\"noopener noreferrer\">CONTACT US<\/a><\/div><\/div>\n<\/div>","protected":false},"excerpt":{"rendered":"<p>TOZ YA\u011eMURLAMA KAB\u0130N\u0130 | YATAY KARI\u015eTIRICI Hassas d\u00f6k\u00fcmde \u00fcretilen salk\u0131m modeller seramik \u00e7amur banyosuna dald\u0131r\u0131larak kapland\u0131ktan sonra ya\u011fmurlama kabininde salk\u0131mlar refrakter tozla kaplan\u0131r. REFSAN toz ya\u011fmurlama kabini ve seramik banyosu(s\u0131y\u0131r\u0131c\u0131l\u0131 kar\u0131\u015ft\u0131r\u0131c\u0131) birlikte teklif alabilirsiniz. \u0130\u015fletmenize \u00f6zel tasar\u0131m ve \u00fcretim yap\u0131labilmektedir. TEKN\u0130K \u00d6ZELL\u0130KLER MODEL Toz Ya\u011fmurlama Kabini MOTOR G\u00dcC\u00dc ** kW KAZAN MALZEMES\u0130 Paslanmaz \u00c7elik Y\u00dcKSEKL\u0130K [&hellip;]<\/p>","protected":false},"author":2,"featured_media":0,"parent":7384,"menu_order":0,"comment_status":"closed","ping_status":"closed","template":"","meta":{"_eb_attr":"","_uag_custom_page_level_css":"","site-sidebar-layout":"default","site-content-layout":"","ast-site-content-layout":"default","site-content-style":"default","site-sidebar-style":"default","ast-global-header-display":"","ast-banner-title-visibility":"","ast-main-header-display":"","ast-hfb-above-header-display":"","ast-hfb-below-header-display":"","ast-hfb-mobile-header-display":"","site-post-title":"disabled","ast-breadcrumbs-content":"","ast-featured-img":"","footer-sml-layout":"","theme-transparent-header-meta":"","adv-header-id-meta":"","stick-header-meta":"","header-above-stick-meta":"","header-main-stick-meta":"","header-below-stick-meta":"","astra-migrate-meta-layouts":"set","ast-page-background-enabled":"default","ast-page-background-meta":{"desktop":{"background-color":"","background-image":"","background-repeat":"repeat","background-position":"center center","background-size":"auto","background-attachment":"scroll","background-type":"","background-media":"","overlay-type":"","overlay-color":"","overlay-opacity":"","overlay-gradient":""},"tablet":{"background-color":"","background-image":"","background-repeat":"repeat","background-position":"center center","background-size":"auto","background-attachment":"scroll","background-type":"","background-media":"","overlay-type":"","overlay-color":"","overlay-opacity":"","overlay-gradient":""},"mobile":{"background-color":"","background-image":"","background-repeat":"repeat","background-position":"center center","background-size":"auto","background-attachment":"scroll","background-type":"","background-media":"","overlay-type":"","overlay-color":"","overlay-opacity":"","overlay-gradient":""}},"ast-content-background-meta":{"desktop":{"background-color":"var(--ast-global-color-5)","background-image":"","background-repeat":"repeat","background-position":"center center","background-size":"auto","background-attachment":"scroll","background-type":"","background-media":"","overlay-type":"","overlay-color":"","overlay-opacity":"","overlay-gradient":""},"tablet":{"background-color":"var(--ast-global-color-5)","background-image":"","background-repeat":"repeat","background-position":"center center","background-size":"auto","background-attachment":"scroll","background-type":"","background-media":"","overlay-type":"","overlay-color":"","overlay-opacity":"","overlay-gradient":""},"mobile":{"background-color":"var(--ast-global-color-5)","background-image":"","background-repeat":"repeat","background-position":"center center","background-size":"auto","background-attachment":"scroll","background-type":"","background-media":"","overlay-type":"","overlay-color":"","overlay-opacity":"","overlay-gradient":""}},"footnotes":""},"class_list":["post-7556","page","type-page","status-publish","hentry"],"uagb_featured_image_src":{"full":false,"thumbnail":false,"medium":false,"medium_large":false,"large":false,"1536x1536":false,"2048x2048":false,"trp-custom-language-flag":false,"woocommerce_thumbnail":false,"woocommerce_single":false,"woocommerce_gallery_thumbnail":false},"uagb_author_info":{"display_name":"G\u00fcney S\u00fcr\u00fcc\u00fco\u011flu","author_link":"http:\/\/refsanpro.com\/en\/author\/guney\/"},"uagb_comment_info":0,"uagb_excerpt":"TOZ YA\u011eMURLAMA KAB\u0130N\u0130 | YATAY KARI\u015eTIRICI Hassas d\u00f6k\u00fcmde \u00fcretilen salk\u0131m modeller seramik \u00e7amur banyosuna dald\u0131r\u0131larak kapland\u0131ktan sonra ya\u011fmurlama kabininde salk\u0131mlar refrakter tozla kaplan\u0131r. REFSAN toz ya\u011fmurlama kabini ve seramik banyosu(s\u0131y\u0131r\u0131c\u0131l\u0131 kar\u0131\u015ft\u0131r\u0131c\u0131) birlikte teklif alabilirsiniz. \u0130\u015fletmenize \u00f6zel tasar\u0131m ve \u00fcretim yap\u0131labilmektedir. TEKN\u0130K \u00d6ZELL\u0130KLER MODEL Toz Ya\u011fmurlama Kabini MOTOR G\u00dcC\u00dc ** kW KAZAN MALZEMES\u0130 Paslanmaz \u00c7elik Y\u00dcKSEKL\u0130K&hellip;","_links":{"self":[{"href":"http:\/\/refsanpro.com\/en\/wp-json\/wp\/v2\/pages\/7556","targetHints":{"allow":["GET"]}}],"collection":[{"href":"http:\/\/refsanpro.com\/en\/wp-json\/wp\/v2\/pages"}],"about":[{"href":"http:\/\/refsanpro.com\/en\/wp-json\/wp\/v2\/types\/page"}],"author":[{"embeddable":true,"href":"http:\/\/refsanpro.com\/en\/wp-json\/wp\/v2\/users\/2"}],"replies":[{"embeddable":true,"href":"http:\/\/refsanpro.com\/en\/wp-json\/wp\/v2\/comments?post=7556"}],"version-history":[{"count":9,"href":"http:\/\/refsanpro.com\/en\/wp-json\/wp\/v2\/pages\/7556\/revisions"}],"predecessor-version":[{"id":9302,"href":"http:\/\/refsanpro.com\/en\/wp-json\/wp\/v2\/pages\/7556\/revisions\/9302"}],"up":[{"embeddable":true,"href":"http:\/\/refsanpro.com\/en\/wp-json\/wp\/v2\/pages\/7384"}],"wp:attachment":[{"href":"http:\/\/refsanpro.com\/en\/wp-json\/wp\/v2\/media?parent=7556"}],"curies":[{"name":"wp","href":"https:\/\/api.w.org\/{rel}","templated":true}]}}