{"id":6898,"date":"2023-11-10T07:32:06","date_gmt":"2023-11-10T07:32:06","guid":{"rendered":"http:\/\/refsanpro.com\/?page_id=6898"},"modified":"2024-01-10T15:51:23","modified_gmt":"2024-01-10T15:51:23","slug":"filter-pres","status":"publish","type":"page","link":"http:\/\/refsanpro.com\/en\/endustriyel-makineler\/filter-pres\/","title":{"rendered":"FILTER PRESS"},"content":{"rendered":"<div class=\"wp-block-uagb-container uagb-block-b9b0fedc alignfull uagb-is-root-container\"><div class=\"uagb-container-inner-blocks-wrap\">\n<div class=\"wp-block-uagb-container uagb-block-cf730d8f\">\n<div class=\"wp-block-columns alignfull has-background is-layout-flex wp-container-core-columns-is-layout-28f84493 wp-block-columns-is-layout-flex\" style=\"background-color:#f9f9f9\">\n<div class=\"wp-block-column is-vertically-aligned-center is-layout-flow wp-block-column-is-layout-flow\" style=\"padding-top:var(--wp--preset--spacing--30);padding-right:var(--wp--preset--spacing--30);padding-bottom:var(--wp--preset--spacing--30);padding-left:var(--wp--preset--spacing--30);flex-basis:500px\">\n<div class=\"wp-block-uagb-advanced-heading uagb-block-91a91ba9\"><h1 class=\"uagb-heading-text\"><strong>FILTER PRESS<\/strong><\/h1><\/div>\n\n\n\n<div class=\"wp-block-uagb-separator uagb-block-7b2522b6\"><div class=\"wp-block-uagb-separator__inner\" style=\"--my-background-image:\"><\/div><\/div>\n\n\n\n<div class=\"wp-block-uagb-advanced-heading uagb-block-b5f4507a\"><h2 class=\"uagb-heading-text\">Filter Presses Tailored to Your Industry, Application and Operational Considerations<\/h2><\/div>\n\n\n\n<p class=\"has-ast-global-color-3-color has-text-color\" style=\"margin-top:var(--wp--preset--spacing--60);margin-right:0;margin-bottom:var(--wp--preset--spacing--60);margin-left:0;font-size:14px\">Filter Presses are designed according to the volume and type of sludge according to specific application needs for economical dewatering.<\/p>\n\n\n\n<div class=\"wp-block-essential-blocks-button\"><div class=\"eb-parent-wrapper eb-parent-eb-button-h5gpx75\"><div class=\"eb-button-wrapper eb-button-alignment eb-button-h5gpx75\"><div class=\"eb-button\"><a class=\"eb-button-anchor\" href=\"\/en\/teklif-al\/\" target=\"_blank\" rel=\"noopener\">GET AN OFFER FOR FILTER PRESS<\/a><\/div><\/div><\/div><\/div>\n<\/div>\n\n\n\n<div class=\"wp-block-column is-vertically-aligned-center is-layout-flow wp-block-column-is-layout-flow\">\n<figure class=\"wp-block-image size-full is-resized\"><img fetchpriority=\"high\" decoding=\"async\" width=\"931\" height=\"524\" src=\"http:\/\/refsanpro.com\/wp-content\/uploads\/2023\/11\/12313111.webp\" alt=\"\" class=\"wp-image-6902\" style=\"aspect-ratio:1.7767175572519085;object-fit:contain;width:1057px;height:auto\" srcset=\"http:\/\/refsanpro.com\/wp-content\/uploads\/2023\/11\/12313111.webp 931w, http:\/\/refsanpro.com\/wp-content\/uploads\/2023\/11\/12313111-300x169.webp 300w, http:\/\/refsanpro.com\/wp-content\/uploads\/2023\/11\/12313111-768x432.webp 768w, http:\/\/refsanpro.com\/wp-content\/uploads\/2023\/11\/12313111-600x338.webp 600w\" sizes=\"(max-width: 931px) 100vw, 931px\" \/><\/figure>\n<\/div>\n<\/div>\n<\/div>\n<\/div><\/div>\n\n\n\n<div class=\"wp-block-essential-blocks-advanced-tabs alignwide\"><div class=\"eb-parent-wrapper eb-parent-eb-advanced-tabs-muuimaf\"><div class=\"eb-advanced-tabs-muuimaf eb-advanced-tabs-wrapper horizontal\"><div class=\"eb-tabs-nav\"><ul class=\"tabTitles\" data-tabs-ul-id=\"eb-advanced-tabs-muuimaf\"><li data-title-tab-id=\"1\" data-title-custom-id=\"\" class=\"active\"><span class=\"tabIcon fas fa-angle-right\"><\/span><h6 class=\"tab-title-text\">FILTER PRESSES<\/h6><\/li><\/ul><\/div><div class=\"eb-tabs-contents\">\n<div class=\"eb-tab-wrapper\" data-tab-id=\"1\" data-tab-parent-id=\"eb-advanced-tabs-muuimaf\"><div class=\"eb-tab-inner\">\n<div class=\"wp-block-uagb-separator uagb-block-a19b599f\"><div class=\"wp-block-uagb-separator__inner\" style=\"--my-background-image:\"><\/div><\/div>\n\n\n\n<div class=\"wp-block-uagb-separator uagb-block-5bf753c5\"><div class=\"wp-block-uagb-separator__inner\" style=\"--my-background-image:\"><\/div><\/div>\n\n\n\n<div class=\"wp-block-columns is-layout-flex wp-container-core-columns-is-layout-28f84493 wp-block-columns-is-layout-flex\">\n<div class=\"wp-block-column is-layout-flow wp-block-column-is-layout-flow\" style=\"padding-top:var(--wp--preset--spacing--30);padding-bottom:var(--wp--preset--spacing--30);flex-basis:50%\">\n<figure class=\"wp-block-image size-full is-resized\"><img decoding=\"async\" width=\"1024\" height=\"705\" src=\"http:\/\/refsanpro.com\/wp-content\/uploads\/2023\/11\/111.webp\" alt=\"\" class=\"wp-image-6904\" style=\"aspect-ratio:1.7777777777777777;object-fit:cover;width:633px;height:auto\" srcset=\"http:\/\/refsanpro.com\/wp-content\/uploads\/2023\/11\/111.webp 1024w, http:\/\/refsanpro.com\/wp-content\/uploads\/2023\/11\/111-300x207.webp 300w, http:\/\/refsanpro.com\/wp-content\/uploads\/2023\/11\/111-768x529.webp 768w, http:\/\/refsanpro.com\/wp-content\/uploads\/2023\/11\/111-600x413.webp 600w\" sizes=\"(max-width: 1024px) 100vw, 1024px\" \/><\/figure>\n<\/div>\n\n\n\n<div class=\"wp-block-column is-layout-flow wp-block-column-is-layout-flow\" style=\"padding-top:var(--wp--preset--spacing--20);padding-right:var(--wp--preset--spacing--20);padding-bottom:var(--wp--preset--spacing--20);padding-left:var(--wp--preset--spacing--20);flex-basis:50%\">\n<p style=\"font-size:18px\">REFSAN Filter Presses provide solutions with compact and robust design for a perfect and reliable filtration process. Filter Presses are designed to optimize press operations with filter plates, filter cloth, manifold.<\/p>\n\n\n\n<p style=\"font-size:18px\">Filter Presses can be manufactured in a variety of sizes, from small, laboratory-scale 250 mm 10-plate presses to much larger capacities such as 60-plate 800 mm plates.<\/p>\n\n\n\n<p style=\"font-size:18px\">With Filter Presses, one of the most widely used machine systems for dewatering and mineral beneficiation, liquid sludge loading, aeration and processing can be integrated with the sludge preparation process and then with the sludge processing process to optimize production\/process speed.<\/p>\n<\/div>\n<\/div>\n\n\n\n<div class=\"wp-block-uagb-separator uagb-block-c22dd9be\"><div class=\"wp-block-uagb-separator__inner\" style=\"--my-background-image:\"><\/div><\/div>\n\n\n\n<div class=\"wp-block-uagb-advanced-heading uagb-block-e699f990\"><h4 class=\"uagb-heading-text\"><strong>REFSAN's <\/strong>OUR MACHINES ARE TRUSTED BY MANY BUSINESSES AND INSTITUTIONS.<\/h4><\/div>\n\n\n\n<div class=\"wp-block-columns is-layout-flex wp-container-core-columns-is-layout-28f84493 wp-block-columns-is-layout-flex\">\n<div class=\"wp-block-column is-layout-flow wp-block-column-is-layout-flow\">\n<div class=\"wp-block-columns is-not-stacked-on-mobile is-layout-flex wp-container-core-columns-is-layout-e0e4babd wp-block-columns-is-layout-flex\" style=\"padding-right:0;padding-left:0\">\n<div class=\"wp-block-column is-layout-flow wp-block-column-is-layout-flow\">\n<div class=\"wp-block-uagb-info-box uagb-block-1b494c73 uagb-infobox__content-wrap  uagb-infobox-icon-above-title uagb-infobox-image-valign-top\"><div class=\"uagb-ifb-content\"><div class=\"uagb-ifb-image-content\"><img decoding=\"async\" src=\"http:\/\/refsanpro.com\/wp-content\/uploads\/2023\/12\/123612432.webp\" alt=\"\" width=\"\" height=\"0\" loading=\"lazy\"\/><\/div><div class=\"uagb-ifb-title-wrap\"><\/div><\/div><\/div>\n<\/div>\n\n\n\n<div class=\"wp-block-column is-layout-flow wp-block-column-is-layout-flow\">\n<div class=\"wp-block-uagb-info-box uagb-block-d6fb4e6b uagb-infobox__content-wrap  uagb-infobox-icon-above-title uagb-infobox-image-valign-top\"><div class=\"uagb-ifb-content\"><div class=\"uagb-ifb-image-content\"><img decoding=\"async\" src=\"http:\/\/refsanpro.com\/wp-content\/uploads\/2023\/12\/3-12.webp\" alt=\"\" width=\"\" height=\"0\" loading=\"lazy\"\/><\/div><div class=\"uagb-ifb-title-wrap\"><\/div><\/div><\/div>\n<\/div>\n\n\n\n<div class=\"wp-block-column is-layout-flow wp-block-column-is-layout-flow\">\n<div class=\"wp-block-uagb-info-box uagb-block-5ffa7f27 uagb-infobox__content-wrap  uagb-infobox-icon-above-title uagb-infobox-image-valign-top\"><div class=\"uagb-ifb-content\"><div class=\"uagb-ifb-image-content\"><img decoding=\"async\" src=\"http:\/\/refsanpro.com\/wp-content\/uploads\/2023\/12\/615243125341523.webp\" alt=\"\" width=\"\" height=\"0\" loading=\"lazy\"\/><\/div><div class=\"uagb-ifb-title-wrap\"><\/div><\/div><\/div>\n<\/div>\n<\/div>\n<\/div>\n\n\n\n<div class=\"wp-block-column is-layout-flow wp-block-column-is-layout-flow\">\n<div class=\"wp-block-columns is-not-stacked-on-mobile is-layout-flex wp-container-core-columns-is-layout-28f84493 wp-block-columns-is-layout-flex\">\n<div class=\"wp-block-column is-layout-flow wp-block-column-is-layout-flow\">\n<div class=\"wp-block-uagb-info-box uagb-block-8c649106 uagb-infobox__content-wrap  uagb-infobox-icon-above-title uagb-infobox-image-valign-top\"><div class=\"uagb-ifb-content\"><div class=\"uagb-ifb-image-content\"><img decoding=\"async\" src=\"http:\/\/refsanpro.com\/wp-content\/uploads\/2023\/12\/15-12.webp\" alt=\"\" width=\"\" height=\"0\" loading=\"lazy\"\/><\/div><div class=\"uagb-ifb-title-wrap\"><\/div><\/div><\/div>\n<\/div>\n\n\n\n<div class=\"wp-block-column is-layout-flow wp-block-column-is-layout-flow\">\n<div class=\"wp-block-uagb-info-box uagb-block-0be55c1c uagb-infobox__content-wrap  uagb-infobox-icon-above-title uagb-infobox-image-valign-top\"><div class=\"uagb-ifb-content\"><div class=\"uagb-ifb-image-content\"><img decoding=\"async\" src=\"http:\/\/refsanpro.com\/wp-content\/uploads\/2023\/12\/16254312653.webp\" alt=\"\" width=\"\" height=\"0\" loading=\"lazy\"\/><\/div><div class=\"uagb-ifb-title-wrap\"><\/div><\/div><\/div>\n<\/div>\n\n\n\n<div class=\"wp-block-column is-layout-flow wp-block-column-is-layout-flow\">\n<div class=\"wp-block-uagb-info-box uagb-block-ddc57732 uagb-infobox__content-wrap  uagb-infobox-icon-above-title uagb-infobox-image-valign-top\"><div class=\"uagb-ifb-content\"><div class=\"uagb-ifb-image-content\"><img decoding=\"async\" src=\"http:\/\/refsanpro.com\/wp-content\/uploads\/2023\/12\/1-12.webp\" alt=\"\" width=\"\" height=\"0\" loading=\"lazy\"\/><\/div><div class=\"uagb-ifb-title-wrap\"><\/div><\/div><\/div>\n<\/div>\n<\/div>\n<\/div>\n<\/div>\n<\/div><\/div>\n<\/div><\/div><\/div><\/div>\n\n\n\n<div class=\"wp-block-uagb-container uagb-block-29b23719 alignfull uagb-is-root-container\"><div class=\"uagb-container-inner-blocks-wrap\">\n<div class=\"wp-block-columns is-layout-flex wp-container-core-columns-is-layout-28f84493 wp-block-columns-is-layout-flex\">\n<div class=\"wp-block-column is-layout-flow wp-block-column-is-layout-flow\" style=\"flex-basis:60%\">\n<ul class=\"wp-block-list\">\n<li>Chamber type plates are used in filter presses. The size and number of plates are determined according to your business and production. Polypropylene plates and Polypropylene Filter cloth are used as standard for ceramic sludge.<\/li>\n\n\n\n<li>Filter Presses are designed for center loading as standard, but can also be designed for top loading depending on your production requirements.<\/li>\n\n\n\n<li>The discharge is designed according to the requirements of your application, open and closed.<\/li>\n\n\n\n<li>It has 100 - 300 bar compression pressure and is equipped with a hydraulic and manual compaction chassis.<\/li>\n\n\n\n<li>Filter Presses are used for liquid\/solid separation in a wide range of industries and applications other than ceramic slurry production: Food and beverage processing, Chemical production, Mining, Power generation, Asphalt and cement production, Steel mills, Municipal plants<\/li>\n\n\n\n<li>In the sludge preparation process&nbsp;<strong>Mixer&nbsp;<\/strong>and&nbsp;<strong>Pumps&nbsp;<\/strong>optionally available with Filter press. Also available&nbsp;<strong>Pugmill Machine&nbsp;<\/strong>you can also process your dewatered sludge. <\/li>\n<\/ul>\n<\/div>\n\n\n\n<div class=\"wp-block-column is-layout-flow wp-block-column-is-layout-flow\" style=\"flex-basis:40%\">\n<div class=\"wp-block-uagb-slider uagb-block-9a8ba329 uagb-slider-container\"><div class=\"uagb-slides uagb-swiper\"><div class=\"swiper-wrapper\">\n<div class=\"wp-block-uagb-slider-child uagb-slider-child-wrap swiper-slide uagb-block-896e986e\"><div class=\"swiper-content\">\n<div class=\"wp-block-uagb-container uagb-block-d6571bc7\">\n<div class=\"wp-block-uagb-info-box uagb-block-3fce8f3c uagb-infobox__content-wrap  uagb-infobox-icon-above-title uagb-infobox-image-valign-top\"><div class=\"uagb-ifb-content\"><div class=\"uagb-ifb-image-content\"><img decoding=\"async\" src=\"http:\/\/refsanpro.com\/wp-content\/uploads\/2023\/11\/1-2.webp\" alt=\"\" width=\"\" height=\"0\" loading=\"lazy\"\/><\/div><div class=\"uagb-ifb-title-wrap\"><\/div><\/div><\/div>\n<\/div>\n<\/div><\/div>\n\n\n\n<div class=\"wp-block-uagb-slider-child uagb-slider-child-wrap swiper-slide uagb-block-155f3627\"><div class=\"swiper-content\">\n<div class=\"wp-block-uagb-container uagb-block-9ddc3b12\">\n<div class=\"wp-block-uagb-info-box uagb-block-c8966ef2 uagb-infobox__content-wrap  uagb-infobox-icon-above-title uagb-infobox-image-valign-top\"><div class=\"uagb-ifb-content\"><div class=\"uagb-ifb-image-content\"><img decoding=\"async\" src=\"http:\/\/refsanpro.com\/wp-content\/uploads\/2023\/11\/5-2.webp\" alt=\"\" width=\"\" height=\"0\" loading=\"lazy\"\/><\/div><div class=\"uagb-ifb-title-wrap\"><\/div><\/div><\/div>\n<\/div>\n<\/div><\/div>\n\n\n\n<div class=\"wp-block-uagb-slider-child uagb-slider-child-wrap swiper-slide uagb-block-3a3ea66f\"><div class=\"swiper-content\">\n<div class=\"wp-block-uagb-container uagb-block-329d5017\">\n<div class=\"wp-block-uagb-info-box uagb-block-72044497 uagb-infobox__content-wrap  uagb-infobox-icon-above-title uagb-infobox-image-valign-top\"><div class=\"uagb-ifb-content\"><div class=\"uagb-ifb-image-content\"><img decoding=\"async\" src=\"http:\/\/refsanpro.com\/wp-content\/uploads\/2023\/11\/3-2.webp\" alt=\"\" width=\"\" height=\"0\" loading=\"lazy\"\/><\/div><div class=\"uagb-ifb-title-wrap\"><\/div><\/div><\/div>\n<\/div>\n<\/div><\/div>\n\n\n\n<div class=\"wp-block-uagb-slider-child uagb-slider-child-wrap swiper-slide uagb-block-3f4c314c\"><div class=\"swiper-content\">\n<div class=\"wp-block-uagb-container uagb-block-4f68f128\">\n<div class=\"wp-block-uagb-info-box uagb-block-4d7875fa uagb-infobox__content-wrap  uagb-infobox-icon-above-title uagb-infobox-image-valign-top\"><div class=\"uagb-ifb-content\"><div class=\"uagb-ifb-image-content\"><img decoding=\"async\" src=\"http:\/\/refsanpro.com\/wp-content\/uploads\/2023\/11\/2-2.webp\" alt=\"\" width=\"\" height=\"0\" loading=\"lazy\"\/><\/div><div class=\"uagb-ifb-title-wrap\"><\/div><\/div><\/div>\n<\/div>\n<\/div><\/div>\n<\/div><\/div><div class=\"swiper-pagination\"><\/div><\/div>\n<\/div>\n<\/div>\n<\/div><\/div>\n\n\n\n<div class=\"wp-block-uagb-advanced-heading uagb-block-cd40a1c8\"><h5 class=\"uagb-heading-text\">TECHNICAL SPECIFATION<\/h5><\/div>\n\n\n\n<figure class=\"wp-block-table aligncenter is-style-stripes has-small-font-size\" style=\"padding-top:var(--wp--preset--spacing--60);padding-right:var(--wp--preset--spacing--30);padding-bottom:var(--wp--preset--spacing--60);padding-left:var(--wp--preset--spacing--30)\"><table class=\"has-fixed-layout\" style=\"border-width:1px\"><tbody><tr><td class=\"has-text-align-left\" data-align=\"left\"><strong>MODEL<\/strong><\/td><td><strong>FILTER PRESS<\/strong><\/td><\/tr><tr><td class=\"has-text-align-left\" data-align=\"left\"><strong>POWER<\/strong><\/td><td>1,5 kW<\/td><\/tr><tr><td class=\"has-text-align-left\" data-align=\"left\"><strong><strong>CHASSIS<\/strong><\/strong><\/td><td>St 37 carbon steel construction<\/td><\/tr><tr><td class=\"has-text-align-left\" data-align=\"left\"><strong>DESARJ<\/strong><\/td><td>Open and Of <\/td><\/tr><tr><td class=\"has-text-align-left\" data-align=\"left\"><strong>PLATE TYPE<\/strong><\/td><td>Polypropylene<\/td><\/tr><tr><td class=\"has-text-align-left\" data-align=\"left\"><strong>FILTER CLOTH<\/strong><\/td><td>Polypropylene<\/td><\/tr><tr><td class=\"has-text-align-left\" data-align=\"left\"><strong>PLATE DIMENSIONS<\/strong><\/td><td>250 mm \u2013 800 mm (CUSTOMIZABLE)<\/td><\/tr><tr><td class=\"has-text-align-left\" data-align=\"left\"><strong>CHARGE TIME <\/strong>*<\/td><td>75 min \u2013 105 min<\/td><\/tr><tr><td class=\"has-text-align-left\" data-align=\"left\"><strong>CHARGE CAPACITY 250X250 mm 10 PLATE<\/strong>*<\/td><td>30kg\/Charge<\/td><\/tr><tr><td class=\"has-text-align-left\" data-align=\"left\"><strong>CHARGE CAPACITY 550X550 mm 40 PLATE<\/strong>  *<\/td><td>555kg\/Charge<\/td><\/tr><tr><td class=\"has-text-align-left\" data-align=\"left\"><strong>CHARGE CAPACITY 630X630 mm 40 PLATE<\/strong> *<\/td><td>735kg\/Charge<\/td><\/tr><tr><td class=\"has-text-align-left\" data-align=\"left\"><strong>CHARGE CAPACITY 800X800 mm 60 PLATE<\/strong> *<\/td><td>1400kg\/Charge<\/td><\/tr><tr><td class=\"has-text-align-left\" data-align=\"left\"><strong>WARRENTY CERTIFICATE<\/strong><\/td><td>2 Year<\/td><\/tr><tr><td class=\"has-text-align-left\" data-align=\"left\"><strong>SERVICE SUPPORT<\/strong><\/td><td>10 Year<\/td><\/tr><tr><td class=\"has-text-align-left\" data-align=\"left\">* Weights are calculated as density 1.45 for ceramic mud.<\/td><td><\/td><\/tr><\/tbody><\/table><\/figure>\n\n\n\n<div class=\"wp-block-uagb-container uagb-block-97a5bcc8 alignfull uagb-is-root-container\">\n<div class=\"wp-block-uagb-container uagb-block-f4728d9c\">\n<div class=\"wp-block-columns is-layout-flex wp-container-core-columns-is-layout-28f84493 wp-block-columns-is-layout-flex\">\n<div class=\"wp-block-column is-layout-flow wp-block-column-is-layout-flow\">\n<div class=\"wp-block-uagb-advanced-heading uagb-block-a69b8f78\"><h6 class=\"uagb-heading-text\"><strong>REFSAN OFFERS<\/strong><\/h6><\/div>\n<\/div>\n<\/div>\n<\/div>\n\n\n\n<div class=\"wp-block-uagb-separator uagb-block-f683bfc6\"><div class=\"wp-block-uagb-separator__inner\" style=\"--my-background-image:\"><\/div><\/div>\n\n\n\n<div class=\"wp-block-uagb-container uagb-block-a974b730\">\n<div class=\"wp-block-columns is-layout-flex wp-container-core-columns-is-layout-28f84493 wp-block-columns-is-layout-flex\">\n<div class=\"wp-block-column is-layout-flow wp-block-column-is-layout-flow\" style=\"flex-basis:24%\">\n<p class=\"has-text-align-center has-ast-global-color-8-color has-text-color has-link-color wp-elements-562f027b035f966fa4b4a3b4c554c55a\" style=\"font-size:20px\"><strong><strong>0-1300\u00b0C<\/strong>&nbsp;ALL HEAT TREATMENTS BETWEEN<\/strong><\/p>\n\n\n\n<p class=\"has-text-align-center has-ast-global-color-5-color has-text-color has-link-color wp-elements-faa8797736783f240499973525a07609\">We manufacture kilns for all thermal problems up to 1300\u00b0C. <\/p>\n<\/div>\n\n\n\n<div class=\"wp-block-column is-layout-flow wp-block-column-is-layout-flow\" style=\"flex-basis:24%\">\n<p class=\"has-text-align-center has-ast-global-color-8-color has-text-color has-link-color wp-elements-aa7cd0dfe9654f73345e410a593ac957\" style=\"font-size:20px\"><strong><strong>1000+ PRODUCTS<\/strong><\/strong><\/p>\n\n\n\n<p class=\"has-text-align-center has-ast-global-color-5-color has-text-color has-link-color wp-elements-b23e5ea4774fdb73ad7e5c562135d4cc\">Products that offer high quality solutions optimised for the diversity of your applications<\/p>\n<\/div>\n\n\n\n<div class=\"wp-block-column is-layout-flow wp-block-column-is-layout-flow\" style=\"flex-basis:24%\">\n<p class=\"has-text-align-center has-ast-global-color-8-color has-text-color has-link-color wp-elements-ba43f63a8ddff3716c228a2d021e0a73\" style=\"font-size:20px\"><strong><strong>2 + 10 YEARS WARRANTY AND SERVICE SUPPORT<\/strong><\/strong><\/p>\n\n\n\n<p class=\"has-text-align-center has-ast-global-color-5-color has-text-color has-link-color wp-elements-36714d121a234e0f0f0300af75430f87\">We have full confidence in the quality of our products and we are always with you.<\/p>\n<\/div>\n\n\n\n<div class=\"wp-block-column is-layout-flow wp-block-column-is-layout-flow\" style=\"flex-basis:24%\">\n<p class=\"has-text-align-center has-ast-global-color-8-color has-text-color has-link-color wp-elements-cd62d259ac4c7659d567c45349c0dfc1\" style=\"font-size:20px\"><strong><strong>SPECIAL DESIGN PRODUCTS<\/strong><\/strong><\/p>\n\n\n\n<p class=\"has-text-align-center has-ast-global-color-5-color has-text-color has-link-color wp-elements-b30c783bdbba77c50a73349b56509bb2\">Contact us for your specific thermal requirements and we will design the most suitable kiln solutions.<\/p>\n<\/div>\n<\/div>\n<\/div>\n\n\n\n<div class=\"wp-block-uagb-separator uagb-block-9622e712\"><div class=\"wp-block-uagb-separator__inner\" style=\"--my-background-image:\"><\/div><\/div>\n\n\n\n<div class=\"wp-block-uagb-call-to-action uagb-block-42285397 wp-block-button\"><div class=\"uagb-cta__wrap\"><h3 class=\"uagb-cta__title\">FOR OUR PRODUCTS, SOLUTIONS AND MORE<\/h3><\/div><div class=\"uagb-cta__buttons\"><a href=\"\/en\/iletisim\/\" class=\"uagb-cta__button-link-wrapper wp-block-button__link\" target=\"_self\" rel=\"noopener noreferrer\">CONTACT US<\/a><\/div><\/div>\n<\/div>","protected":false},"excerpt":{"rendered":"<p>F\u0130LTER PRES End\u00fcstri, Uygulama ve Operasyonel Hususlar\u0131n\u0131za \u00d6zel Filter Presler Filter Presler, ekonomik susuzla\u015ft\u0131rma i\u00e7in \u00f6zel uygulama ihtiya\u00e7lar\u0131na g\u00f6re \u00e7amurun hacmine ve t\u00fcr\u00fcne g\u00f6re tasarlan\u0131r. TEKN\u0130K \u00d6ZELL\u0130KLER MODEL FILTER PRESS G\u00dc\u00c7 1,5 kW \u015eASE St 37 karbon \u00e7elik konstr\u00fcksiyon DESARJ A\u00e7\u0131k ve Kapal\u0131 PLAKA T\u00dcR\u00dc Polipropilen F\u0130LTRE BEZ\u0130 Polipropilen PLAKA \u00d6L\u00c7\u00dcLER\u0130 250 mm &#8211; 800 [&hellip;]<\/p>","protected":false},"author":2,"featured_media":0,"parent":6380,"menu_order":0,"comment_status":"closed","ping_status":"closed","template":"","meta":{"_eb_attr":"","_uag_custom_page_level_css":"","site-sidebar-layout":"default","site-content-layout":"","ast-site-content-layout":"default","site-content-style":"default","site-sidebar-style":"default","ast-global-header-display":"","ast-banner-title-visibility":"","ast-main-header-display":"","ast-hfb-above-header-display":"","ast-hfb-below-header-display":"","ast-hfb-mobile-header-display":"","site-post-title":"disabled","ast-breadcrumbs-content":"","ast-featured-img":"","footer-sml-layout":"","theme-transparent-header-meta":"","adv-header-id-meta":"","stick-header-meta":"","header-above-stick-meta":"","header-main-stick-meta":"","header-below-stick-meta":"","astra-migrate-meta-layouts":"set","ast-page-background-enabled":"default","ast-page-background-meta":{"desktop":{"background-color":"","background-image":"","background-repeat":"repeat","background-position":"center center","background-size":"auto","background-attachment":"scroll","background-type":"","background-media":"","overlay-type":"","overlay-color":"","overlay-opacity":"","overlay-gradient":""},"tablet":{"background-color":"","background-image":"","background-repeat":"repeat","background-position":"center center","background-size":"auto","background-attachment":"scroll","background-type":"","background-media":"","overlay-type":"","overlay-color":"","overlay-opacity":"","overlay-gradient":""},"mobile":{"background-color":"","background-image":"","background-repeat":"repeat","background-position":"center center","background-size":"auto","background-attachment":"scroll","background-type":"","background-media":"","overlay-type":"","overlay-color":"","overlay-opacity":"","overlay-gradient":""}},"ast-content-background-meta":{"desktop":{"background-color":"var(--ast-global-color-5)","background-image":"","background-repeat":"repeat","background-position":"center center","background-size":"auto","background-attachment":"scroll","background-type":"","background-media":"","overlay-type":"","overlay-color":"","overlay-opacity":"","overlay-gradient":""},"tablet":{"background-color":"var(--ast-global-color-5)","background-image":"","background-repeat":"repeat","background-position":"center center","background-size":"auto","background-attachment":"scroll","background-type":"","background-media":"","overlay-type":"","overlay-color":"","overlay-opacity":"","overlay-gradient":""},"mobile":{"background-color":"var(--ast-global-color-5)","background-image":"","background-repeat":"repeat","background-position":"center center","background-size":"auto","background-attachment":"scroll","background-type":"","background-media":"","overlay-type":"","overlay-color":"","overlay-opacity":"","overlay-gradient":""}},"footnotes":""},"class_list":["post-6898","page","type-page","status-publish","hentry"],"uagb_featured_image_src":{"full":false,"thumbnail":false,"medium":false,"medium_large":false,"large":false,"1536x1536":false,"2048x2048":false,"trp-custom-language-flag":false,"woocommerce_thumbnail":false,"woocommerce_single":false,"woocommerce_gallery_thumbnail":false},"uagb_author_info":{"display_name":"G\u00fcney S\u00fcr\u00fcc\u00fco\u011flu","author_link":"http:\/\/refsanpro.com\/en\/author\/guney\/"},"uagb_comment_info":0,"uagb_excerpt":"F\u0130LTER PRES End\u00fcstri, Uygulama ve Operasyonel Hususlar\u0131n\u0131za \u00d6zel Filter Presler Filter Presler, ekonomik susuzla\u015ft\u0131rma i\u00e7in \u00f6zel uygulama ihtiya\u00e7lar\u0131na g\u00f6re \u00e7amurun hacmine ve t\u00fcr\u00fcne g\u00f6re tasarlan\u0131r. TEKN\u0130K \u00d6ZELL\u0130KLER MODEL FILTER PRESS G\u00dc\u00c7 1,5 kW \u015eASE St 37 karbon \u00e7elik konstr\u00fcksiyon DESARJ A\u00e7\u0131k ve Kapal\u0131 PLAKA T\u00dcR\u00dc Polipropilen F\u0130LTRE BEZ\u0130 Polipropilen PLAKA \u00d6L\u00c7\u00dcLER\u0130 250 mm &#8211; 800&hellip;","_links":{"self":[{"href":"http:\/\/refsanpro.com\/en\/wp-json\/wp\/v2\/pages\/6898","targetHints":{"allow":["GET"]}}],"collection":[{"href":"http:\/\/refsanpro.com\/en\/wp-json\/wp\/v2\/pages"}],"about":[{"href":"http:\/\/refsanpro.com\/en\/wp-json\/wp\/v2\/types\/page"}],"author":[{"embeddable":true,"href":"http:\/\/refsanpro.com\/en\/wp-json\/wp\/v2\/users\/2"}],"replies":[{"embeddable":true,"href":"http:\/\/refsanpro.com\/en\/wp-json\/wp\/v2\/comments?post=6898"}],"version-history":[{"count":23,"href":"http:\/\/refsanpro.com\/en\/wp-json\/wp\/v2\/pages\/6898\/revisions"}],"predecessor-version":[{"id":10169,"href":"http:\/\/refsanpro.com\/en\/wp-json\/wp\/v2\/pages\/6898\/revisions\/10169"}],"up":[{"embeddable":true,"href":"http:\/\/refsanpro.com\/en\/wp-json\/wp\/v2\/pages\/6380"}],"wp:attachment":[{"href":"http:\/\/refsanpro.com\/en\/wp-json\/wp\/v2\/media?parent=6898"}],"curies":[{"name":"wp","href":"https:\/\/api.w.org\/{rel}","templated":true}]}}